{"id":183,"date":"2024-01-27T00:17:36","date_gmt":"2024-01-26T23:17:36","guid":{"rendered":"https:\/\/abstracts.paao2027.com\/?page_id=183"},"modified":"2026-04-23T12:15:20","modified_gmt":"2026-04-23T17:15:20","slug":"inicio","status":"publish","type":"page","link":"https:\/\/abstracts.paao2027.com\/en\/inicio\/","title":{"rendered":"Inicio"},"content":{"rendered":"\t\t<div data-elementor-type=\"wp-page\" data-elementor-id=\"183\" class=\"elementor elementor-183\" data-elementor-post-type=\"page\">\n\t\t\t\t<div class=\"elementor-element elementor-element-be7366c e-flex e-con-boxed e-con e-parent\" data-id=\"be7366c\" data-element_type=\"container\" data-e-type=\"container\" data-settings=\"{&quot;jet_parallax_layout_list&quot;:[],&quot;background_background&quot;:&quot;classic&quot;}\">\n\t\t\t\t\t<div class=\"e-con-inner\">\n\t\t<div class=\"elementor-element elementor-element-60a69b4 e-con-full e-flex e-con e-child\" data-id=\"60a69b4\" data-element_type=\"container\" data-e-type=\"container\" data-settings=\"{&quot;jet_parallax_layout_list&quot;:[]}\">\n\t\t\t\t<div class=\"elementor-element elementor-element-0acf09a elementor-widget elementor-widget-heading\" data-id=\"0acf09a\" data-element_type=\"widget\" data-e-type=\"widget\" data-widget_type=\"heading.default\">\n\t\t\t\t<div class=\"elementor-widget-container\">\n\t\t\t\t\t<h1 class=\"elementor-heading-title elementor-size-default\">TRABAJOS CIENT\u00cdFICOS<\/h1>\t\t\t\t<\/div>\n\t\t\t\t<\/div>\n\t\t\t\t<div class=\"elementor-element elementor-element-51da9c7 elementor-widget elementor-widget-heading\" data-id=\"51da9c7\" data-element_type=\"widget\" data-e-type=\"widget\" data-widget_type=\"heading.default\">\n\t\t\t\t<div class=\"elementor-widget-container\">\n\t\t\t\t\t<h2 class=\"elementor-heading-title elementor-size-default\">TRABAJOS CIENT\u00cdFICOS PAAO 2027<\/h2>\t\t\t\t<\/div>\n\t\t\t\t<\/div>\n\t\t\t\t<div class=\"elementor-element elementor-element-fbd65b4 elementor-widget elementor-widget-image\" data-id=\"fbd65b4\" data-element_type=\"widget\" data-e-type=\"widget\" data-widget_type=\"image.default\">\n\t\t\t\t<div class=\"elementor-widget-container\">\n\t\t\t\t\t\t\t\t\t\t\t\t\t\t\t<img decoding=\"async\" width=\"277\" height=\"80\" src=\"https:\/\/abstracts.paao2027.com\/wp-content\/uploads\/2026\/04\/paao.logo-01-1.png\" class=\"attachment-full size-full wp-image-4653\" alt=\"\" \/>\t\t\t\t\t\t\t\t\t\t\t\t\t\t\t<\/div>\n\t\t\t\t<\/div>\n\t\t\t\t<\/div>\n\t\t<div class=\"elementor-element elementor-element-853c025 e-con-full e-flex e-con e-child\" data-id=\"853c025\" data-element_type=\"container\" data-e-type=\"container\" data-settings=\"{&quot;jet_parallax_layout_list&quot;:[],&quot;background_background&quot;:&quot;classic&quot;}\">\n\t\t\t\t<div class=\"elementor-element elementor-element-a5b847b elementor-widget elementor-widget-image\" data-id=\"a5b847b\" data-element_type=\"widget\" data-e-type=\"widget\" data-widget_type=\"image.default\">\n\t\t\t\t<div class=\"elementor-widget-container\">\n\t\t\t\t\t\t\t\t\t\t\t\t\t\t\t<img fetchpriority=\"high\" decoding=\"async\" width=\"800\" height=\"153\" src=\"https:\/\/abstracts.paao2027.com\/wp-content\/uploads\/2026\/04\/paao2027_h_wh-1024x196.png\" class=\"attachment-large size-large wp-image-4648\" alt=\"\" srcset=\"https:\/\/abstracts.paao2027.com\/wp-content\/uploads\/2026\/04\/paao2027_h_wh-1024x196.png 1024w, https:\/\/abstracts.paao2027.com\/wp-content\/uploads\/2026\/04\/paao2027_h_wh-300x57.png 300w, https:\/\/abstracts.paao2027.com\/wp-content\/uploads\/2026\/04\/paao2027_h_wh-768x147.png 768w, https:\/\/abstracts.paao2027.com\/wp-content\/uploads\/2026\/04\/paao2027_h_wh-1536x294.png 1536w, https:\/\/abstracts.paao2027.com\/wp-content\/uploads\/2026\/04\/paao2027_h_wh.png 1849w\" sizes=\"(max-width: 800px) 100vw, 800px\" \/>\t\t\t\t\t\t\t\t\t\t\t\t\t\t\t<\/div>\n\t\t\t\t<\/div>\n\t\t<div class=\"elementor-element elementor-element-00f828b jedv-enabled--yes e-flex e-con-boxed e-con e-child\" data-id=\"00f828b\" data-element_type=\"container\" data-e-type=\"container\" data-settings=\"{&quot;jet_parallax_layout_list&quot;:[]}\">\n\t\t\t\t\t<div class=\"e-con-inner\">\n\t\t<div class=\"elementor-element elementor-element-930b5f6 jedv-enabled--yes e-flex e-con-boxed e-con e-child\" data-id=\"930b5f6\" data-element_type=\"container\" data-e-type=\"container\" data-settings=\"{&quot;jet_parallax_layout_list&quot;:[]}\">\n\t\t\t\t\t<div class=\"e-con-inner\">\n\t\t\t\t<div class=\"elementor-element elementor-element-1a01ef1 elementor-widget elementor-widget-heading\" data-id=\"1a01ef1\" data-element_type=\"widget\" data-e-type=\"widget\" data-widget_type=\"heading.default\">\n\t\t\t\t<div class=\"elementor-widget-container\">\n\t\t\t\t\t<p class=\"elementor-heading-title elementor-size-default\">Para iniciar su proceso de postulaci\u00f3n de Trabajos Cient\u00edficos, por favor ingrese su n\u00famero de documento de identidad y haga clic en el bot\u00f3n \"Ingresar\"<\/p>\t\t\t\t<\/div>\n\t\t\t\t<\/div>\n\t\t\t\t<div class=\"elementor-element elementor-element-253e815 elementor-widget elementor-widget-jet-form-builder-form\" data-id=\"253e815\" data-element_type=\"widget\" data-e-type=\"widget\" data-widget_type=\"jet-form-builder-form.default\">\n\t\t\t\t<div class=\"elementor-widget-container\">\n\t\t\t\t\t<link rel='stylesheet' id='wp-block-library-css' href='https:\/\/abstracts.paao2027.com\/wp-includes\/css\/dist\/block-library\/style.min.css?ver=6.9.4' media='all' \/>\n<style id=\"jet-form-builder-1103-inline-css\"><\/style><form  class=\"jet-form-builder layout-column submit-type-reload\" action=\"https:\/\/abstracts.paao2027.com\/en\/wp-json\/wp\/v2\/pages\/183\/?ZmZ245=2W6Z6L15b4lD&amp;method=reload\" method=\"POST\" data-form-id=\"1103\" data-layout=\"column\" enctype=\"multipart\/form-data\" novalidate=\"null\" ssr_validation_method=\"rest\">\r\n<input type=\"hidden\" name=\"_jfb_current_render_states[]\" value=\"DEFAULT.STATE\" data-jfb-sync \/><input type=\"hidden\" class=\"jet-form-builder__field hidden-field\" name=\"_jet_engine_booking_form_id\" data-field-name=\"_jet_engine_booking_form_id\" value=\"1103\">\n<input type=\"hidden\" class=\"jet-form-builder__field hidden-field\" name=\"_jet_engine_refer\" data-field-name=\"_jet_engine_refer\" value=\"https:\/\/abstracts.paao2027.com\/en\/wp-json\/wp\/v2\/pages\/183\/\">\n<input type=\"hidden\" class=\"jet-form-builder__field hidden-field\" name=\"__queried_post_id\" data-field-name=\"__queried_post_id\" value=\"183\">\n\n<input type=\"hidden\" class=\"jet-form-builder__field hidden-field\" name=\"tipo_ingreso\" data-field-name=\"tipo_ingreso\" data-jfb-sync=\"null\" value=\"correo\">\n\n\n\n<div class=\"jet-form-builder__conditional \" data-jfb-conditional=\"[{&quot;operator&quot;:&quot;equal&quot;,&quot;value&quot;:&quot;id&quot;,&quot;field&quot;:&quot;tipo_ingreso&quot;,&quot;use_preset&quot;:false}]\" data-jfb-func=\"{&quot;show&quot;:{&quot;dom&quot;:true}}\">\n<div  data-validation-type=\"advanced\" data-validation-rules=\"[{&quot;__visible&quot;:true,&quot;type&quot;:&quot;regexp&quot;,&quot;message&quot;:&quot;Solo se aceptan letras y n\u00fameros.&quot;,&quot;value&quot;:&quot;^[a-zA-Z0-9]*$&quot;}]\" class=\"jet-form-builder-row field-type-text-field\" >\n<div class=\"jet-form-builder__label\">\r\n<div class=\"jet-form-builder__label-text\">N\u00famero de Documento de Identidad <span class=\"jet-form-builder__required\">*<\/span><\/div><\/div><div class=\"jet-form-builder__field-wrap\">\n\t\t\t\t<input required=\"required\" name=\"cedula\" id=\"cedula\" type=\"text\" data-field-name=\"cedula\" class=\"jet-form-builder__field text-field userID\" data-jfb-sync=\"null\" autocomplete=\"off_WMv1PEzw\">\n\t\t\t\t\t<\/div>\n<\/div>\n<\/div>\n\n<div class=\"jet-form-builder__conditional \" data-jfb-conditional=\"[{&quot;operator&quot;:&quot;equal&quot;,&quot;value&quot;:&quot;correo&quot;,&quot;field&quot;:&quot;tipo_ingreso&quot;,&quot;use_preset&quot;:false}]\" data-jfb-func=\"show\">\n<div  class=\"jet-form-builder-row field-type-text-field\" >\n<div class=\"jet-form-builder__label\">\r\n<div class=\"jet-form-builder__label-text\">Correo Electr\u00f3nico <span class=\"jet-form-builder__required\">*<\/span><\/div><\/div><div class=\"jet-form-builder__field-wrap\">\n\t\t\t\t<input required=\"required\" name=\"user_email\" id=\"user_email\" type=\"email\" data-field-name=\"user_email\" class=\"jet-form-builder__field text-field userID\" data-jfb-sync=\"null\" autocomplete=\"off_O4ZTgEio\">\n\t\t\t\t\t<\/div>\n<\/div>\n<\/div>\n\n<div  class=\"jet-form-builder-row field-type-submit-field\" >\n\t<div data-type=\"submit\" class=\"jet-form-builder__action-button-wrapper jet-form-builder__submit-wrap\">\n\t<button class=\"jet-form-builder__action-button jet-form-builder__submit submit-type-reload\" type=\"submit\">Ingresar<\/button>\n\t<\/div>\n\t\n<\/div>\t<div class=\"jet-form-builder-messages-wrap\" data-form-id=\"1103\"><\/div>\n<\/form>\n\t\t\t\t<\/div>\n\t\t\t\t<\/div>\n\t\t\t\t\t<\/div>\n\t\t\t\t<\/div>\n\t\t\t\t\t<\/div>\n\t\t\t\t<\/div>\n\t\t\t\t<div class=\"elementor-element elementor-element-61c9a45 elementor-widget elementor-widget-spacer\" data-id=\"61c9a45\" data-element_type=\"widget\" data-e-type=\"widget\" data-widget_type=\"spacer.default\">\n\t\t\t\t<div class=\"elementor-widget-container\">\n\t\t\t\t\t\t\t<div class=\"elementor-spacer\">\n\t\t\t<div class=\"elementor-spacer-inner\"><\/div>\n\t\t<\/div>\n\t\t\t\t\t\t<\/div>\n\t\t\t\t<\/div>\n\t\t\t\t<\/div>\n\t\t\t\t\t<\/div>\n\t\t\t\t<\/div>\n\t\t\t\t<\/div>\n\t\t","protected":false},"excerpt":{"rendered":"<p>TRABAJOS CIENT\u00cdFICOS La convocatoria para postular trabajos cient\u00edficos ha terminado. \u00a1Gracias por participar! Para iniciar su proceso de postulaci\u00f3n de Trabajos Cient\u00edficos, por favor ingrese su n\u00famero de documento de identidad y haga clic en el bot\u00f3n \u00abIngresar\u00bb N\u00famero de Documento de Identidad * Correo Electr\u00f3nico * Ingresar Ver mis Trabajos Postular un trabajo<\/p>","protected":false},"author":2,"featured_media":0,"parent":0,"menu_order":0,"comment_status":"closed","ping_status":"closed","template":"elementor_canvas","meta":{"footnotes":""},"class_list":["post-183","page","type-page","status-publish","hentry"],"_links":{"self":[{"href":"https:\/\/abstracts.paao2027.com\/en\/wp-json\/wp\/v2\/pages\/183","targetHints":{"allow":["GET"]}}],"collection":[{"href":"https:\/\/abstracts.paao2027.com\/en\/wp-json\/wp\/v2\/pages"}],"about":[{"href":"https:\/\/abstracts.paao2027.com\/en\/wp-json\/wp\/v2\/types\/page"}],"author":[{"embeddable":true,"href":"https:\/\/abstracts.paao2027.com\/en\/wp-json\/wp\/v2\/users\/2"}],"replies":[{"embeddable":true,"href":"https:\/\/abstracts.paao2027.com\/en\/wp-json\/wp\/v2\/comments?post=183"}],"version-history":[{"count":55,"href":"https:\/\/abstracts.paao2027.com\/en\/wp-json\/wp\/v2\/pages\/183\/revisions"}],"predecessor-version":[{"id":4741,"href":"https:\/\/abstracts.paao2027.com\/en\/wp-json\/wp\/v2\/pages\/183\/revisions\/4741"}],"wp:attachment":[{"href":"https:\/\/abstracts.paao2027.com\/en\/wp-json\/wp\/v2\/media?parent=183"}],"curies":[{"name":"wp","href":"https:\/\/api.w.org\/{rel}","templated":true}]}}